{"id":1875,"date":"2025-07-01T08:34:40","date_gmt":"2025-07-01T08:34:40","guid":{"rendered":"https:\/\/handmadekitchen.dk\/?page_id=1875"},"modified":"2025-07-25T11:22:00","modified_gmt":"2025-07-25T11:22:00","slug":"om-os","status":"publish","type":"page","link":"https:\/\/handmadekitchen.dk\/en\/om-os\/","title":{"rendered":"About"},"content":{"rendered":"<div data-elementor-type=\"wp-page\" data-elementor-id=\"1875\" class=\"elementor elementor-1875\" data-elementor-post-type=\"page\">\n\t\t\t\t<div class=\"elementor-element elementor-element-0a2dbf1 e-flex e-con-boxed e-con e-parent\" data-id=\"0a2dbf1\" data-element_type=\"container\">\n\t\t\t\t\t<div class=\"e-con-inner\">\n\t\t\t\t<div class=\"elementor-element elementor-element-718136d elementor-widget elementor-widget-spacer\" data-id=\"718136d\" data-element_type=\"widget\" data-widget_type=\"spacer.default\">\n\t\t\t\t<div class=\"elementor-widget-container\">\n\t\t\t\t\t\t\t<div class=\"elementor-spacer\">\n\t\t\t<div class=\"elementor-spacer-inner\"><\/div>\n\t\t<\/div>\n\t\t\t\t\t\t<\/div>\n\t\t\t\t<\/div>\n\t\t<div class=\"elementor-element elementor-element-946c700 e-con-full e-flex e-con e-child\" data-id=\"946c700\" data-element_type=\"container\" data-settings=\"{&quot;background_background&quot;:&quot;classic&quot;}\">\n\t\t<div class=\"elementor-element elementor-element-61e88ae e-con-full e-flex e-con e-child\" data-id=\"61e88ae\" data-element_type=\"container\">\n\t\t\t\t<div class=\"elementor-element elementor-element-51f3eb4 elementor-widget__width-initial elementor-widget elementor-widget-heading\" data-id=\"51f3eb4\" data-element_type=\"widget\" data-widget_type=\"heading.default\">\n\t\t\t\t<div class=\"elementor-widget-container\">\n\t\t\t\t\t<h2 class=\"elementor-heading-title elementor-size-default\">Our Story<\/h2>\t\t\t\t<\/div>\n\t\t\t\t<\/div>\n\t\t\t\t<div class=\"elementor-element elementor-element-2ee1a63 elementor-widget elementor-widget-text-editor\" data-id=\"2ee1a63\" data-element_type=\"widget\" data-widget_type=\"text-editor.default\">\n\t\t\t\t<div class=\"elementor-widget-container\">\n\t\t\t\t\t\t\t\t\t<p data-start=\"51\" data-end=\"189\" class=\"translation-block\">We have been producing furniture for the Danish market for more than 10 years. The furniture is made in a carpentry shop in Latvia. 100% handmade.<\/p><p data-start=\"191\" data-end=\"416\" class=\"translation-block\">We consult, we make kitchens according to your wishes.\nWe use solid wood in production. We offer drawers on finger joints. Only environmentally friendly materials are used in the finish \u2013 oils, paints.<\/p><p data-start=\"418\" data-end=\"568\" class=\"translation-block\">We produce built-in furniture of various configurations \u2013 cabinets, bookshelves, bathroom furniture. We use solid wood in production.\u00a0<\/p>\t\t\t\t\t\t\t\t<\/div>\n\t\t\t\t<\/div>\n\t\t\t\t<\/div>\n\t\t<div class=\"elementor-element elementor-element-ea6b8f2 e-con-full e-flex e-con e-child\" data-id=\"ea6b8f2\" data-element_type=\"container\">\n\t\t\t\t<div class=\"elementor-element elementor-element-bd3e42f elementor-widget elementor-widget-image\" data-id=\"bd3e42f\" data-element_type=\"widget\" data-widget_type=\"image.default\">\n\t\t\t\t<div class=\"elementor-widget-container\">\n\t\t\t\t\t\t\t\t\t\t\t\t\t\t\t<img fetchpriority=\"high\" decoding=\"async\" width=\"768\" height=\"1024\" src=\"https:\/\/handmadekitchen.dk\/wp-content\/uploads\/2025\/05\/furniture10-768x1024.webp\" class=\"attachment-large size-large wp-image-1790\" alt=\"Hj\u00f8rnegarderobe under skr\u00e5tag \u2013 kompakt og elegant l\u00f8sning til sovev\u00e6relse\" srcset=\"https:\/\/handmadekitchen.dk\/wp-content\/uploads\/2025\/05\/furniture10-768x1024.webp 768w, https:\/\/handmadekitchen.dk\/wp-content\/uploads\/2025\/05\/furniture10-225x300.webp 225w, https:\/\/handmadekitchen.dk\/wp-content\/uploads\/2025\/05\/furniture10-1152x1536.webp 1152w, https:\/\/handmadekitchen.dk\/wp-content\/uploads\/2025\/05\/furniture10.webp 1200w\" sizes=\"(max-width: 768px) 100vw, 768px\" \/>\t\t\t\t\t\t\t\t\t\t\t\t\t\t\t<\/div>\n\t\t\t\t<\/div>\n\t\t\t\t<\/div>\n\t\t<div class=\"elementor-element elementor-element-f1c64d4 e-con-full e-flex e-con e-child\" data-id=\"f1c64d4\" data-element_type=\"container\" data-settings=\"{&quot;background_background&quot;:&quot;classic&quot;}\">\n\t\t\t\t<div class=\"elementor-element elementor-element-e712fd5 elementor-hidden-tablet elementor-widget elementor-widget-text-editor\" data-id=\"e712fd5\" data-element_type=\"widget\" data-widget_type=\"text-editor.default\">\n\t\t\t\t<div class=\"elementor-widget-container\">\n\t\t\t\t\t\t\t\t\t<p>Individual carpentry solutions for your home<\/p>\t\t\t\t\t\t\t\t<\/div>\n\t\t\t\t<\/div>\n\t\t\t\t<\/div>\n\t\t\t\t<\/div>\n\t\t\t\t\t<\/div>\n\t\t\t\t<\/div>\n\t\t\t\t<\/div>","protected":false},"excerpt":{"rendered":"<p>Vores Historie Vi har produceret m\u00f8bler til det danske marked i mere end 10 \u00e5r.M\u00f8blerne fremstilles p\u00e5 et snedkeri i Letland \u2013 100% h\u00e5ndlavet. Vi r\u00e5dgiver og laver k\u00f8kkener efter dine \u00f8nsker.Vi bruger massivt tr\u00e6 i produktionen og tilbyder skuffer med svalehale-samlinger.Til overfladebehandling anvender vi kun milj\u00f8venlige materialer \u2013 olier og maling. Vi producerer indbyggede [&hellip;]<\/p>","protected":false},"author":1,"featured_media":0,"parent":0,"menu_order":0,"comment_status":"closed","ping_status":"closed","template":"elementor_header_footer","meta":{"footnotes":""},"class_list":["post-1875","page","type-page","status-publish","hentry"],"blocksy_meta":[],"yoast_head":"<!-- This site is optimized with the Yoast SEO plugin v27.5 - https:\/\/yoast.com\/product\/yoast-seo-wordpress\/ -->\n<title>Historien bag vores k\u00f8kkener | Eksperter i Snedkerk\u00f8kkener<\/title>\n<meta name=\"description\" content=\"H\u00e5ndlavede snedkerk\u00f8kkener og opbevaringsl\u00f8sninger i eg og kvalitetsmaterialer. F\u00e5 et k\u00f8kken skr\u00e6ddersyet til dine behov og din boligstil.\" \/>\n<meta name=\"robots\" content=\"index, follow, max-snippet:-1, max-image-preview:large, max-video-preview:-1\" \/>\n<link rel=\"canonical\" href=\"https:\/\/handmadekitchen.dk\/en\/om-os\/\" \/>\n<meta property=\"og:locale\" content=\"en_US\" \/>\n<meta property=\"og:type\" content=\"article\" \/>\n<meta property=\"og:title\" content=\"Historien bag vores k\u00f8kkener | Eksperter i Snedkerk\u00f8kkener\" \/>\n<meta property=\"og:description\" content=\"H\u00e5ndlavede snedkerk\u00f8kkener og opbevaringsl\u00f8sninger i eg og kvalitetsmaterialer. F\u00e5 et k\u00f8kken skr\u00e6ddersyet til dine behov og din boligstil.\" \/>\n<meta property=\"og:url\" content=\"https:\/\/handmadekitchen.dk\/en\/om-os\/\" \/>\n<meta property=\"og:site_name\" content=\"Handmade Furniture\" \/>\n<meta property=\"article:modified_time\" content=\"2025-07-25T11:22:00+00:00\" \/>\n<meta property=\"og:image\" content=\"https:\/\/handmadekitchen.dk\/wp-content\/uploads\/2025\/05\/furniture10-768x1024.webp\" \/>\n<meta name=\"twitter:card\" content=\"summary_large_image\" \/>\n<meta name=\"twitter:label1\" content=\"Est. reading time\" \/>\n\t<meta name=\"twitter:data1\" content=\"1 minute\" \/>\n<script type=\"application\/ld+json\" class=\"yoast-schema-graph\">{\"@context\":\"https:\\\/\\\/schema.org\",\"@graph\":[{\"@type\":\"WebPage\",\"@id\":\"https:\\\/\\\/handmadekitchen.dk\\\/om-os\\\/\",\"url\":\"https:\\\/\\\/handmadekitchen.dk\\\/om-os\\\/\",\"name\":\"Historien bag vores k\u00f8kkener | Eksperter i Snedkerk\u00f8kkener\",\"isPartOf\":{\"@id\":\"https:\\\/\\\/handmadekitchen.dk\\\/#website\"},\"primaryImageOfPage\":{\"@id\":\"https:\\\/\\\/handmadekitchen.dk\\\/om-os\\\/#primaryimage\"},\"image\":{\"@id\":\"https:\\\/\\\/handmadekitchen.dk\\\/om-os\\\/#primaryimage\"},\"thumbnailUrl\":\"https:\\\/\\\/handmadekitchen.dk\\\/wp-content\\\/uploads\\\/2025\\\/05\\\/furniture10-768x1024.webp\",\"datePublished\":\"2025-07-01T08:34:40+00:00\",\"dateModified\":\"2025-07-25T11:22:00+00:00\",\"description\":\"H\u00e5ndlavede snedkerk\u00f8kkener og opbevaringsl\u00f8sninger i eg og kvalitetsmaterialer. F\u00e5 et k\u00f8kken skr\u00e6ddersyet til dine behov og din boligstil.\",\"breadcrumb\":{\"@id\":\"https:\\\/\\\/handmadekitchen.dk\\\/om-os\\\/#breadcrumb\"},\"inLanguage\":\"en-US\",\"potentialAction\":[{\"@type\":\"ReadAction\",\"target\":[\"https:\\\/\\\/handmadekitchen.dk\\\/om-os\\\/\"]}]},{\"@type\":\"ImageObject\",\"inLanguage\":\"en-US\",\"@id\":\"https:\\\/\\\/handmadekitchen.dk\\\/om-os\\\/#primaryimage\",\"url\":\"https:\\\/\\\/handmadekitchen.dk\\\/wp-content\\\/uploads\\\/2025\\\/05\\\/furniture10-768x1024.webp\",\"contentUrl\":\"https:\\\/\\\/handmadekitchen.dk\\\/wp-content\\\/uploads\\\/2025\\\/05\\\/furniture10-768x1024.webp\"},{\"@type\":\"BreadcrumbList\",\"@id\":\"https:\\\/\\\/handmadekitchen.dk\\\/om-os\\\/#breadcrumb\",\"itemListElement\":[{\"@type\":\"ListItem\",\"position\":1,\"name\":\"Home\",\"item\":\"https:\\\/\\\/handmadekitchen.dk\\\/\"},{\"@type\":\"ListItem\",\"position\":2,\"name\":\"About\"}]},{\"@type\":\"WebSite\",\"@id\":\"https:\\\/\\\/handmadekitchen.dk\\\/#website\",\"url\":\"https:\\\/\\\/handmadekitchen.dk\\\/\",\"name\":\"Handmade Furniture\",\"description\":\"Kitchens | Wardrobes | Bookshelves\",\"publisher\":{\"@id\":\"https:\\\/\\\/handmadekitchen.dk\\\/#organization\"},\"potentialAction\":[{\"@type\":\"SearchAction\",\"target\":{\"@type\":\"EntryPoint\",\"urlTemplate\":\"https:\\\/\\\/handmadekitchen.dk\\\/?s={search_term_string}\"},\"query-input\":{\"@type\":\"PropertyValueSpecification\",\"valueRequired\":true,\"valueName\":\"search_term_string\"}}],\"inLanguage\":\"en-US\"},{\"@type\":\"Organization\",\"@id\":\"https:\\\/\\\/handmadekitchen.dk\\\/#organization\",\"name\":\"DSL CRAFT\",\"url\":\"https:\\\/\\\/handmadekitchen.dk\\\/\",\"logo\":{\"@type\":\"ImageObject\",\"inLanguage\":\"en-US\",\"@id\":\"https:\\\/\\\/handmadekitchen.dk\\\/#\\\/schema\\\/logo\\\/image\\\/\",\"url\":\"https:\\\/\\\/handmadekitchen.dk\\\/wp-content\\\/uploads\\\/2025\\\/07\\\/New-Project-1.png\",\"contentUrl\":\"https:\\\/\\\/handmadekitchen.dk\\\/wp-content\\\/uploads\\\/2025\\\/07\\\/New-Project-1.png\",\"width\":1280,\"height\":720,\"caption\":\"DSL CRAFT\"},\"image\":{\"@id\":\"https:\\\/\\\/handmadekitchen.dk\\\/#\\\/schema\\\/logo\\\/image\\\/\"}}]}<\/script>\n<!-- \/ Yoast SEO plugin. -->","yoast_head_json":{"title":"Historien bag vores k\u00f8kkener | Eksperter i Snedkerk\u00f8kkener","description":"H\u00e5ndlavede snedkerk\u00f8kkener og opbevaringsl\u00f8sninger i eg og kvalitetsmaterialer. F\u00e5 et k\u00f8kken skr\u00e6ddersyet til dine behov og din boligstil.","robots":{"index":"index","follow":"follow","max-snippet":"max-snippet:-1","max-image-preview":"max-image-preview:large","max-video-preview":"max-video-preview:-1"},"canonical":"https:\/\/handmadekitchen.dk\/en\/om-os\/","og_locale":"en_US","og_type":"article","og_title":"Historien bag vores k\u00f8kkener | Eksperter i Snedkerk\u00f8kkener","og_description":"H\u00e5ndlavede snedkerk\u00f8kkener og opbevaringsl\u00f8sninger i eg og kvalitetsmaterialer. F\u00e5 et k\u00f8kken skr\u00e6ddersyet til dine behov og din boligstil.","og_url":"https:\/\/handmadekitchen.dk\/en\/om-os\/","og_site_name":"Handmade Furniture","article_modified_time":"2025-07-25T11:22:00+00:00","og_image":[{"url":"https:\/\/handmadekitchen.dk\/wp-content\/uploads\/2025\/05\/furniture10-768x1024.webp","type":"","width":"","height":""}],"twitter_card":"summary_large_image","twitter_misc":{"Est. reading time":"1 minute"},"schema":{"@context":"https:\/\/schema.org","@graph":[{"@type":"WebPage","@id":"https:\/\/handmadekitchen.dk\/om-os\/","url":"https:\/\/handmadekitchen.dk\/om-os\/","name":"Historien bag vores k\u00f8kkener | Eksperter i Snedkerk\u00f8kkener","isPartOf":{"@id":"https:\/\/handmadekitchen.dk\/#website"},"primaryImageOfPage":{"@id":"https:\/\/handmadekitchen.dk\/om-os\/#primaryimage"},"image":{"@id":"https:\/\/handmadekitchen.dk\/om-os\/#primaryimage"},"thumbnailUrl":"https:\/\/handmadekitchen.dk\/wp-content\/uploads\/2025\/05\/furniture10-768x1024.webp","datePublished":"2025-07-01T08:34:40+00:00","dateModified":"2025-07-25T11:22:00+00:00","description":"H\u00e5ndlavede snedkerk\u00f8kkener og opbevaringsl\u00f8sninger i eg og kvalitetsmaterialer. F\u00e5 et k\u00f8kken skr\u00e6ddersyet til dine behov og din boligstil.","breadcrumb":{"@id":"https:\/\/handmadekitchen.dk\/om-os\/#breadcrumb"},"inLanguage":"en-US","potentialAction":[{"@type":"ReadAction","target":["https:\/\/handmadekitchen.dk\/om-os\/"]}]},{"@type":"ImageObject","inLanguage":"en-US","@id":"https:\/\/handmadekitchen.dk\/om-os\/#primaryimage","url":"https:\/\/handmadekitchen.dk\/wp-content\/uploads\/2025\/05\/furniture10-768x1024.webp","contentUrl":"https:\/\/handmadekitchen.dk\/wp-content\/uploads\/2025\/05\/furniture10-768x1024.webp"},{"@type":"BreadcrumbList","@id":"https:\/\/handmadekitchen.dk\/om-os\/#breadcrumb","itemListElement":[{"@type":"ListItem","position":1,"name":"Home","item":"https:\/\/handmadekitchen.dk\/"},{"@type":"ListItem","position":2,"name":"About"}]},{"@type":"WebSite","@id":"https:\/\/handmadekitchen.dk\/#website","url":"https:\/\/handmadekitchen.dk\/","name":"Handmade Furniture","description":"Kitchens | Wardrobes | Bookshelves","publisher":{"@id":"https:\/\/handmadekitchen.dk\/#organization"},"potentialAction":[{"@type":"SearchAction","target":{"@type":"EntryPoint","urlTemplate":"https:\/\/handmadekitchen.dk\/?s={search_term_string}"},"query-input":{"@type":"PropertyValueSpecification","valueRequired":true,"valueName":"search_term_string"}}],"inLanguage":"en-US"},{"@type":"Organization","@id":"https:\/\/handmadekitchen.dk\/#organization","name":"DSL CRAFT","url":"https:\/\/handmadekitchen.dk\/","logo":{"@type":"ImageObject","inLanguage":"en-US","@id":"https:\/\/handmadekitchen.dk\/#\/schema\/logo\/image\/","url":"https:\/\/handmadekitchen.dk\/wp-content\/uploads\/2025\/07\/New-Project-1.png","contentUrl":"https:\/\/handmadekitchen.dk\/wp-content\/uploads\/2025\/07\/New-Project-1.png","width":1280,"height":720,"caption":"DSL CRAFT"},"image":{"@id":"https:\/\/handmadekitchen.dk\/#\/schema\/logo\/image\/"}}]}},"_links":{"self":[{"href":"https:\/\/handmadekitchen.dk\/en\/wp-json\/wp\/v2\/pages\/1875","targetHints":{"allow":["GET"]}}],"collection":[{"href":"https:\/\/handmadekitchen.dk\/en\/wp-json\/wp\/v2\/pages"}],"about":[{"href":"https:\/\/handmadekitchen.dk\/en\/wp-json\/wp\/v2\/types\/page"}],"author":[{"embeddable":true,"href":"https:\/\/handmadekitchen.dk\/en\/wp-json\/wp\/v2\/users\/1"}],"replies":[{"embeddable":true,"href":"https:\/\/handmadekitchen.dk\/en\/wp-json\/wp\/v2\/comments?post=1875"}],"version-history":[{"count":32,"href":"https:\/\/handmadekitchen.dk\/en\/wp-json\/wp\/v2\/pages\/1875\/revisions"}],"predecessor-version":[{"id":2755,"href":"https:\/\/handmadekitchen.dk\/en\/wp-json\/wp\/v2\/pages\/1875\/revisions\/2755"}],"wp:attachment":[{"href":"https:\/\/handmadekitchen.dk\/en\/wp-json\/wp\/v2\/media?parent=1875"}],"curies":[{"name":"wp","href":"https:\/\/api.w.org\/{rel}","templated":true}]}}